{"id":341,"date":"2025-10-31T22:19:12","date_gmt":"2025-11-01T01:19:12","guid":{"rendered":"https:\/\/koyutec.com.br\/?post_type=product&#038;p=341"},"modified":"2025-11-01T13:03:55","modified_gmt":"2025-11-01T16:03:55","slug":"switch-2flex-fast-com-poe-reverso","status":"publish","type":"product","link":"https:\/\/koyutec.com.br\/?product=switch-2flex-fast-com-poe-reverso","title":{"rendered":"Switch 2Flex Fast com Poe Reverso"},"content":{"rendered":"<div class=\"ui-vpp-striped-specs\">\n<div class=\"ui-vpp-striped-specs__table\">\n<h3 class=\"ui-vpp-striped-specs__header\">Caracter\u00edsticas principais<\/h3>\n<table class=\"andes-table\">\n<tbody class=\"andes-table__body\">\n<tr class=\"andes-table__row ui-vpp-striped-specs__row\">\n<th class=\"andes-table__header andes-table__header--left ui-vpp-striped-specs__row__column ui-vpp-striped-specs__row__column--id\" scope=\"row\">\n<div class=\"andes-table__header__container\">Marca<\/div>\n<\/th>\n<td id=\":Rknilpakp7te:\" class=\"andes-table__column andes-table__column--left andes-table__column--vertical-align-center ui-vpp-striped-specs__row__column\"><span id=\":Rknilpakp7te:-value\" class=\"andes-table__column--value\">2Flex<\/span><\/td>\n<\/tr>\n<tr class=\"andes-table__row ui-vpp-striped-specs__row\">\n<th class=\"andes-table__header andes-table__header--left ui-vpp-striped-specs__row__column ui-vpp-striped-specs__row__column--id\" scope=\"row\">\n<div class=\"andes-table__header__container\">Modelo<\/div>\n<\/th>\n<td id=\":Rkrilpakp7te:\" class=\"andes-table__column andes-table__column--left andes-table__column--vertical-align-center ui-vpp-striped-specs__row__column\"><span id=\":Rkrilpakp7te:-value\" class=\"andes-table__column--value\">2F-N1008PR<\/span><\/td>\n<\/tr>\n<\/tbody>\n<\/table>\n<\/div>\n<div class=\"ui-vpp-striped-specs__table\">\n<h3 class=\"ui-vpp-striped-specs__header\">Outros<\/h3>\n<table class=\"andes-table\">\n<tbody class=\"andes-table__body\">\n<tr class=\"andes-table__row ui-vpp-striped-specs__row\">\n<th class=\"andes-table__header andes-table__header--left ui-vpp-striped-specs__row__column ui-vpp-striped-specs__row__column--id\" scope=\"row\">\n<div class=\"andes-table__header__container\">S\u00e9rie<\/div>\n<\/th>\n<td id=\":R197klpakp7te:\" class=\"andes-table__column andes-table__column--left andes-table__column--vertical-align-center ui-vpp-striped-specs__row__column\"><span id=\":R197klpakp7te:-value\" class=\"andes-table__column--value\">Switch Poe Reverso 8portas Fast Q+ 10\/100<\/span><\/td>\n<\/tr>\n<tr class=\"andes-table__row ui-vpp-striped-specs__row\">\n<th class=\"andes-table__header andes-table__header--left ui-vpp-striped-specs__row__column ui-vpp-striped-specs__row__column--id\" scope=\"row\">\n<div class=\"andes-table__header__container\">Portas inclu\u00eddas<\/div>\n<\/th>\n<td id=\":R19bklpakp7te:\" class=\"andes-table__column andes-table__column--left andes-table__column--vertical-align-center ui-vpp-striped-specs__row__column\"><span id=\":R19bklpakp7te:-value\" class=\"andes-table__column--value\">8 portas RJ-45 com PoE<\/span><\/td>\n<\/tr>\n<tr class=\"andes-table__row ui-vpp-striped-specs__row\">\n<th class=\"andes-table__header andes-table__header--left ui-vpp-striped-specs__row__column ui-vpp-striped-specs__row__column--id\" scope=\"row\">\n<div class=\"andes-table__header__container\">Tipo de telecomunica\u00e7\u00e3o<\/div>\n<\/th>\n<td id=\":R19fklpakp7te:\" class=\"andes-table__column andes-table__column--left andes-table__column--vertical-align-center ui-vpp-striped-specs__row__column\"><span id=\":R19fklpakp7te:-value\" class=\"andes-table__column--value\">Store and forward<\/span><\/td>\n<\/tr>\n<tr class=\"andes-table__row ui-vpp-striped-specs__row\">\n<th class=\"andes-table__header andes-table__header--left ui-vpp-striped-specs__row__column ui-vpp-striped-specs__row__column--id\" scope=\"row\">\n<div class=\"andes-table__header__container\">Capacidade de comuta\u00e7\u00e3o<\/div>\n<\/th>\n<td id=\":R19jklpakp7te:\" class=\"andes-table__column andes-table__column--left andes-table__column--vertical-align-center ui-vpp-striped-specs__row__column\"><span id=\":R19jklpakp7te:-value\" class=\"andes-table__column--value\">100 MB\/s<\/span><\/td>\n<\/tr>\n<tr class=\"andes-table__row ui-vpp-striped-specs__row\">\n<th class=\"andes-table__header andes-table__header--left ui-vpp-striped-specs__row__column ui-vpp-striped-specs__row__column--id\" scope=\"row\">\n<div class=\"andes-table__header__container\">\u00c9 administr\u00e1vel<\/div>\n<\/th>\n<td id=\":R19nklpakp7te:\" class=\"andes-table__column andes-table__column--left andes-table__column--vertical-align-center ui-vpp-striped-specs__row__column\"><span id=\":R19nklpakp7te:-value\" class=\"andes-table__column--value\">N\u00e3o<\/span><\/td>\n<\/tr>\n<tr class=\"andes-table__row ui-vpp-striped-specs__row\">\n<th class=\"andes-table__header andes-table__header--left ui-vpp-striped-specs__row__column ui-vpp-striped-specs__row__column--id\" scope=\"row\">\n<div class=\"andes-table__header__container\">\u00c9 montado em rack<\/div>\n<\/th>\n<td id=\":R19rklpakp7te:\" class=\"andes-table__column andes-table__column--left andes-table__column--vertical-align-center ui-vpp-striped-specs__row__column\"><span id=\":R19rklpakp7te:-value\" class=\"andes-table__column--value\">N\u00e3o<\/span><\/td>\n<\/tr>\n<\/tbody>\n<\/table>\n<\/div>\n<\/div>\n<div class=\"ui-vpp-striped-specs\">\n<div class=\"ui-vpp-striped-specs__table\">\n<h3 class=\"ui-vpp-striped-specs__header\">Especifica\u00e7\u00f5es<\/h3>\n<table class=\"andes-table\">\n<tbody class=\"andes-table__body\">\n<tr class=\"andes-table__row ui-vpp-striped-specs__row\">\n<th class=\"andes-table__header andes-table__header--left ui-vpp-striped-specs__row__column ui-vpp-striped-specs__row__column--id\" scope=\"row\">\n<div class=\"andes-table__header__container\">Homologa\u00e7\u00e3o Anatel N\u00ba<\/div>\n<\/th>\n<td id=\":Rafj5pakp7te:\" class=\"andes-table__column andes-table__column--left andes-table__column--vertical-align-center ui-vpp-striped-specs__row__column\"><span id=\":Rafj5pakp7te:-value\" class=\"andes-table__column--value\">73481811825<\/span><\/td>\n<\/tr>\n<\/tbody>\n<\/table>\n<\/div>\n<div class=\"ui-vpp-striped-specs__table\">\n<h3 class=\"ui-vpp-striped-specs__header\">Peso e dimens\u00f5es<\/h3>\n<table class=\"andes-table\">\n<tbody class=\"andes-table__body\">\n<tr class=\"andes-table__row ui-vpp-striped-specs__row\">\n<th class=\"andes-table__header andes-table__header--left ui-vpp-striped-specs__row__column ui-vpp-striped-specs__row__column--id\" scope=\"row\">\n<div class=\"andes-table__header__container\">Largura x Profundidade x Altura<\/div>\n<\/th>\n<td id=\":Rknl5pakp7te:\" class=\"andes-table__column andes-table__column--left andes-table__column--vertical-align-center ui-vpp-striped-specs__row__column\"><span id=\":Rknl5pakp7te:-value\" class=\"andes-table__column--value\">10 cm x 10 cm x 3 cm<\/span><\/td>\n<\/tr>\n<tr class=\"andes-table__row ui-vpp-striped-specs__row\">\n<th class=\"andes-table__header andes-table__header--left ui-vpp-striped-specs__row__column ui-vpp-striped-specs__row__column--id\" scope=\"row\">\n<div class=\"andes-table__header__container\">Peso<\/div>\n<\/th>\n<td id=\":Rkrl5pakp7te:\" class=\"andes-table__column andes-table__column--left andes-table__column--vertical-align-center ui-vpp-striped-specs__row__column\"><span id=\":Rkrl5pakp7te:-value\" class=\"andes-table__column--value\">0,2 g<\/span><\/td>\n<\/tr>\n<\/tbody>\n<\/table>\n<\/div>\n<\/div>\n","protected":false},"excerpt":{"rendered":"<p>Compartilhe arquivos, impressoras e conex\u00e3o \u00e0 Internet com v\u00e1rios computadores simultaneamente.Gra\u00e7as ao 2Flex 2F-N1008PR, voc\u00ea poder\u00e1 conectar diferentes dispositivos atrav\u00e9s de suas portas e otimizar o seu desempenho, velocidade e a seguran\u00e7a.<\/p>\n<p>Tecnologia PoE<br \/>\nEste switch possui portas de tecnologia PoE que fornecem energia el\u00e9trica para dispositivos conectados a uma rede Ethernet. Desta forma, simplifica a infra-estrutura de cabeamento para o seu funcionamento.<\/p>\n<p>Portas RJ-45<\/p>\n<p>Feito \u00e0 sua medida<br \/>\nA sua tecnologia permite que os dados sejam armazenados em buffer antes de envi\u00e1-los \u00e0 porta de sa\u00edda. Isso garante o funcionamento correto.<\/p>\n<p>Escalabilidade e funcionalidade ao seu alcance<\/p>\n","protected":false},"featured_media":410,"template":"","meta":[],"product_brand":[30],"product_cat":[31],"product_tag":[],"class_list":{"0":"post-341","1":"product","2":"type-product","3":"status-publish","4":"has-post-thumbnail","6":"product_brand-2flex","7":"product_cat-switch","9":"first","10":"instock","11":"shipping-taxable","12":"product-type-external"},"_links":{"self":[{"href":"https:\/\/koyutec.com.br\/index.php?rest_route=\/wp\/v2\/product\/341","targetHints":{"allow":["GET"]}}],"collection":[{"href":"https:\/\/koyutec.com.br\/index.php?rest_route=\/wp\/v2\/product"}],"about":[{"href":"https:\/\/koyutec.com.br\/index.php?rest_route=\/wp\/v2\/types\/product"}],"wp:featuredmedia":[{"embeddable":true,"href":"https:\/\/koyutec.com.br\/index.php?rest_route=\/wp\/v2\/media\/410"}],"wp:attachment":[{"href":"https:\/\/koyutec.com.br\/index.php?rest_route=%2Fwp%2Fv2%2Fmedia&parent=341"}],"wp:term":[{"taxonomy":"product_brand","embeddable":true,"href":"https:\/\/koyutec.com.br\/index.php?rest_route=%2Fwp%2Fv2%2Fproduct_brand&post=341"},{"taxonomy":"product_cat","embeddable":true,"href":"https:\/\/koyutec.com.br\/index.php?rest_route=%2Fwp%2Fv2%2Fproduct_cat&post=341"},{"taxonomy":"product_tag","embeddable":true,"href":"https:\/\/koyutec.com.br\/index.php?rest_route=%2Fwp%2Fv2%2Fproduct_tag&post=341"}],"curies":[{"name":"wp","href":"https:\/\/api.w.org\/{rel}","templated":true}]}}