{"id":227,"date":"2025-10-31T19:31:12","date_gmt":"2025-10-31T22:31:12","guid":{"rendered":"https:\/\/koyutec.com.br\/?post_type=product&#038;p=227"},"modified":"2025-11-01T13:01:29","modified_gmt":"2025-11-01T16:01:29","slug":"maquina-de-fusao-fujikura-32s-clivador-ct16","status":"publish","type":"product","link":"https:\/\/koyutec.com.br\/?product=maquina-de-fusao-fujikura-32s-clivador-ct16","title":{"rendered":"M\u00e1quina De Fus\u00e3o de Fibra \u00d3ptica FUJIKURA 32S + Clivador CT16"},"content":{"rendered":"<p>ESPECIFICA\u00c7\u00d5ES:<\/p>\n<p>&#8211; Fibra Aplic\u00e1vel: Monomodo e Multimodo<br \/>\n&#8211; Tela de 4,95 Polegadas: Touch screen sens\u00edvel ao toque;<br \/>\n&#8211; Sistema de seguran\u00e7a com padroniza\u00e7\u00e3o de senhas;<br \/>\n&#8211; Fus\u00e3o r\u00e1pida Modo (Fast): 6 a 7 seg;<br \/>\n&#8211; Fus\u00e3o r\u00e1pida Modo (Auto): 8 a 10 seg;<br \/>\n&#8211; Eletrodo com vida \u00fatil longa: 6.000 fus\u00f5es;<br \/>\n&#8211; Aquecimento do tubete: 15 a 17 seg;<br \/>\n&#8211; Bateria com capacidade para at\u00e9 200 ciclos;<br \/>\n&#8211; Interface USB multifuncional;<br \/>\n&#8211; Bateria substitu\u00edvel;<br \/>\n&#8211; Maleta port\u00e1til;<br \/>\n&#8211; Clivador CT16:<br \/>\n&#8211; Dispenser de \u00e1lcool isoprop\u00edlico;<br \/>\n&#8211; Tecnologia WSI C\u00e2meras;<br \/>\n&#8211; Manual de Funcionamento.<\/p>\n","protected":false},"excerpt":{"rendered":"<p>A M\u00e1quina de Fus\u00e3o Fujikura 32S representa um avan\u00e7o em termos de desempenho e efici\u00eancia. Esta m\u00e1quina foi projetada para elevar o n\u00edvel de suas opera\u00e7\u00f5es de fus\u00e3o de fibra \u00f3ptica. A 32S se destaca pela sua interface intuitiva com tela sens\u00edvel ao toque, tornando a opera\u00e7\u00e3o mais f\u00e1cil e eficaz, trazendo efici\u00eancia operacional e economizando tempo. Este novo modelo reduz significativamente o tempo de opera\u00e7\u00e3o, proporcionando um processo de fus\u00e3o mais r\u00e1pido e eficiente.<\/p>\n<p>A 32S tamb\u00e9m se destaca por seu tamanho compacto, que cabe na palma da m\u00e3o, tornando-a altamente port\u00e1til e conveniente para uso em diferentes cen\u00e1rios. Ela \u00e9 equipada com a tecnologia WSI nas c\u00e2meras de alinhamento, o que melhora ainda mais a qualidade das fus\u00f5es, garantindo um desempenho superior.<\/p>\n<p>&nbsp;<\/p>\n<p>&nbsp;<\/p>\n","protected":false},"featured_media":405,"template":"","meta":[],"product_brand":[21],"product_cat":[20],"product_tag":[],"class_list":{"0":"post-227","1":"product","2":"type-product","3":"status-publish","4":"has-post-thumbnail","6":"product_brand-fujikura","7":"product_cat-maquina-de-fusao","9":"first","10":"instock","11":"shipping-taxable","12":"product-type-external"},"_links":{"self":[{"href":"https:\/\/koyutec.com.br\/index.php?rest_route=\/wp\/v2\/product\/227","targetHints":{"allow":["GET"]}}],"collection":[{"href":"https:\/\/koyutec.com.br\/index.php?rest_route=\/wp\/v2\/product"}],"about":[{"href":"https:\/\/koyutec.com.br\/index.php?rest_route=\/wp\/v2\/types\/product"}],"wp:featuredmedia":[{"embeddable":true,"href":"https:\/\/koyutec.com.br\/index.php?rest_route=\/wp\/v2\/media\/405"}],"wp:attachment":[{"href":"https:\/\/koyutec.com.br\/index.php?rest_route=%2Fwp%2Fv2%2Fmedia&parent=227"}],"wp:term":[{"taxonomy":"product_brand","embeddable":true,"href":"https:\/\/koyutec.com.br\/index.php?rest_route=%2Fwp%2Fv2%2Fproduct_brand&post=227"},{"taxonomy":"product_cat","embeddable":true,"href":"https:\/\/koyutec.com.br\/index.php?rest_route=%2Fwp%2Fv2%2Fproduct_cat&post=227"},{"taxonomy":"product_tag","embeddable":true,"href":"https:\/\/koyutec.com.br\/index.php?rest_route=%2Fwp%2Fv2%2Fproduct_tag&post=227"}],"curies":[{"name":"wp","href":"https:\/\/api.w.org\/{rel}","templated":true}]}}