{"id":2,"date":"2025-10-20T16:10:54","date_gmt":"2025-10-20T19:10:54","guid":{"rendered":"http:\/\/koyutec.com.br\/?page_id=2"},"modified":"2025-11-01T03:36:08","modified_gmt":"2025-11-01T06:36:08","slug":"home","status":"publish","type":"page","link":"https:\/\/koyutec.com.br\/","title":{"rendered":"Home"},"content":{"rendered":"\t\t<div data-elementor-type=\"wp-page\" data-elementor-id=\"2\" class=\"elementor elementor-2\">\n\t\t\t\t<div class=\"elementor-element elementor-element-ae074f7 e-flex e-con-boxed e-con e-parent\" data-id=\"ae074f7\" data-element_type=\"container\">\n\t\t\t\t\t<div class=\"e-con-inner\">\n\t\t\t\t<div class=\"elementor-element elementor-element-79d0b96 elementor-widget elementor-widget-image\" data-id=\"79d0b96\" data-element_type=\"widget\" data-widget_type=\"image.default\">\n\t\t\t\t\t\t\t\t\t\t\t\t\t\t\t<img fetchpriority=\"high\" decoding=\"async\" width=\"2560\" height=\"1440\" src=\"https:\/\/koyutec.com.br\/wp-content\/uploads\/2025\/10\/banner-01-scaled.jpg\" class=\"attachment-full size-full wp-image-91\" alt=\"\" srcset=\"https:\/\/koyutec.com.br\/wp-content\/uploads\/2025\/10\/banner-01-scaled.jpg 2560w, https:\/\/koyutec.com.br\/wp-content\/uploads\/2025\/10\/banner-01-scaled-600x338.jpg 600w, https:\/\/koyutec.com.br\/wp-content\/uploads\/2025\/10\/banner-01-300x169.jpg 300w, https:\/\/koyutec.com.br\/wp-content\/uploads\/2025\/10\/banner-01-1024x576.jpg 1024w, https:\/\/koyutec.com.br\/wp-content\/uploads\/2025\/10\/banner-01-768x432.jpg 768w, https:\/\/koyutec.com.br\/wp-content\/uploads\/2025\/10\/banner-01-1536x864.jpg 1536w, https:\/\/koyutec.com.br\/wp-content\/uploads\/2025\/10\/banner-01-2048x1152.jpg 2048w\" sizes=\"(max-width: 2560px) 100vw, 2560px\" \/>\t\t\t\t\t\t\t\t\t\t\t\t\t\t\t<\/div>\n\t\t\t\t\t<\/div>\n\t\t\t\t<\/div>\n\t\t<div class=\"elementor-element elementor-element-ea9caae e-flex e-con-boxed e-con e-parent\" data-id=\"ea9caae\" data-element_type=\"container\">\n\t\t\t\t\t<div class=\"e-con-inner\">\n\t\t<div class=\"elementor-element elementor-element-72d10ea e-con-full e-flex e-con e-child\" data-id=\"72d10ea\" data-element_type=\"container\">\n\t\t\t\t<\/div>\n\t\t<div class=\"elementor-element elementor-element-0221b73 e-con-full e-flex e-con e-child\" data-id=\"0221b73\" data-element_type=\"container\">\n\t\t\t\t<\/div>\n\t\t\t\t\t<\/div>\n\t\t\t\t<\/div>\n\t\t<div class=\"elementor-element elementor-element-166e341 e-flex e-con-boxed e-con e-parent\" data-id=\"166e341\" data-element_type=\"container\">\n\t\t\t\t\t<div class=\"e-con-inner\">\n\t\t<div class=\"elementor-element elementor-element-36be9a3 e-con-full e-flex e-con e-child\" data-id=\"36be9a3\" data-element_type=\"container\">\n\t\t<div class=\"elementor-element elementor-element-8915755 e-con-full e-flex e-con e-child\" data-id=\"8915755\" data-element_type=\"container\">\n\t\t\t\t<div class=\"elementor-element elementor-element-24867f2 elementor-widget elementor-widget-heading\" data-id=\"24867f2\" data-element_type=\"widget\" data-widget_type=\"heading.default\">\n\t\t\t\t\t<h2 class=\"elementor-heading-title elementor-size-default\">POR QUE ESCOLHER A KOYUTEC?<\/h2>\t\t\t\t<\/div>\n\t\t\t\t<\/div>\n\t\t\t\t<\/div>\n\t\t\t\t\t<\/div>\n\t\t\t\t<\/div>\n\t\t<div class=\"elementor-element elementor-element-69cc5e1 e-flex e-con-boxed e-con e-parent\" data-id=\"69cc5e1\" data-element_type=\"container\">\n\t\t\t\t\t<div class=\"e-con-inner\">\n\t\t<div class=\"elementor-element elementor-element-7adde55 e-con-full e-flex e-con e-child\" data-id=\"7adde55\" data-element_type=\"container\">\n\t\t\t\t<div class=\"elementor-element elementor-element-0baf4cd elementor-widget-mobile__width-initial elementor-view-default elementor-widget elementor-widget-icon\" data-id=\"0baf4cd\" data-element_type=\"widget\" data-widget_type=\"icon.default\">\n\t\t\t\t\t\t\t<div class=\"elementor-icon-wrapper\">\n\t\t\t<div class=\"elementor-icon\">\n\t\t\t<svg aria-hidden=\"true\" class=\"e-font-icon-svg e-far-dot-circle\" viewBox=\"0 0 512 512\" xmlns=\"http:\/\/www.w3.org\/2000\/svg\"><path d=\"M256 56c110.532 0 200 89.451 200 200 0 110.532-89.451 200-200 200-110.532 0-200-89.451-200-200 0-110.532 89.451-200 200-200m0-48C119.033 8 8 119.033 8 256s111.033 248 248 248 248-111.033 248-248S392.967 8 256 8zm0 168c-44.183 0-80 35.817-80 80s35.817 80 80 80 80-35.817 80-80-35.817-80-80-80z\"><\/path><\/svg>\t\t\t<\/div>\n\t\t<\/div>\n\t\t\t\t\t\t<\/div>\n\t\t\t\t<\/div>\n\t\t<div class=\"elementor-element elementor-element-3aaf865 e-con-full e-flex e-con e-child\" data-id=\"3aaf865\" data-element_type=\"container\">\n\t\t\t\t<div class=\"elementor-element elementor-element-2c97ff0 elementor-view-default elementor-widget elementor-widget-icon\" data-id=\"2c97ff0\" data-element_type=\"widget\" data-widget_type=\"icon.default\">\n\t\t\t\t\t\t\t<div class=\"elementor-icon-wrapper\">\n\t\t\t<div class=\"elementor-icon\">\n\t\t\t<svg aria-hidden=\"true\" class=\"e-font-icon-svg e-far-lightbulb\" viewBox=\"0 0 352 512\" xmlns=\"http:\/\/www.w3.org\/2000\/svg\"><path d=\"M176 80c-52.94 0-96 43.06-96 96 0 8.84 7.16 16 16 16s16-7.16 16-16c0-35.3 28.72-64 64-64 8.84 0 16-7.16 16-16s-7.16-16-16-16zM96.06 459.17c0 3.15.93 6.22 2.68 8.84l24.51 36.84c2.97 4.46 7.97 7.14 13.32 7.14h78.85c5.36 0 10.36-2.68 13.32-7.14l24.51-36.84c1.74-2.62 2.67-5.7 2.68-8.84l.05-43.18H96.02l.04 43.18zM176 0C73.72 0 0 82.97 0 176c0 44.37 16.45 84.85 43.56 115.78 16.64 18.99 42.74 58.8 52.42 92.16v.06h48v-.12c-.01-4.77-.72-9.51-2.15-14.07-5.59-17.81-22.82-64.77-62.17-109.67-20.54-23.43-31.52-53.15-31.61-84.14-.2-73.64 59.67-128 127.95-128 70.58 0 128 57.42 128 128 0 30.97-11.24 60.85-31.65 84.14-39.11 44.61-56.42 91.47-62.1 109.46a47.507 47.507 0 0 0-2.22 14.3v.1h48v-.05c9.68-33.37 35.78-73.18 52.42-92.16C335.55 260.85 352 220.37 352 176 352 78.8 273.2 0 176 0z\"><\/path><\/svg>\t\t\t<\/div>\n\t\t<\/div>\n\t\t\t\t\t\t<\/div>\n\t\t\t\t<\/div>\n\t\t<div class=\"elementor-element elementor-element-c426e70 e-con-full e-flex e-con e-child\" data-id=\"c426e70\" data-element_type=\"container\">\n\t\t\t\t<div class=\"elementor-element elementor-element-ca115f6 elementor-widget-mobile__width-initial elementor-view-default elementor-widget elementor-widget-icon\" data-id=\"ca115f6\" data-element_type=\"widget\" data-widget_type=\"icon.default\">\n\t\t\t\t\t\t\t<div class=\"elementor-icon-wrapper\">\n\t\t\t<div class=\"elementor-icon\">\n\t\t\t<svg aria-hidden=\"true\" class=\"e-font-icon-svg e-fas-users\" viewBox=\"0 0 640 512\" xmlns=\"http:\/\/www.w3.org\/2000\/svg\"><path d=\"M96 224c35.3 0 64-28.7 64-64s-28.7-64-64-64-64 28.7-64 64 28.7 64 64 64zm448 0c35.3 0 64-28.7 64-64s-28.7-64-64-64-64 28.7-64 64 28.7 64 64 64zm32 32h-64c-17.6 0-33.5 7.1-45.1 18.6 40.3 22.1 68.9 62 75.1 109.4h66c17.7 0 32-14.3 32-32v-32c0-35.3-28.7-64-64-64zm-256 0c61.9 0 112-50.1 112-112S381.9 32 320 32 208 82.1 208 144s50.1 112 112 112zm76.8 32h-8.3c-20.8 10-43.9 16-68.5 16s-47.6-6-68.5-16h-8.3C179.6 288 128 339.6 128 403.2V432c0 26.5 21.5 48 48 48h288c26.5 0 48-21.5 48-48v-28.8c0-63.6-51.6-115.2-115.2-115.2zm-223.7-13.4C161.5 263.1 145.6 256 128 256H64c-35.3 0-64 28.7-64 64v32c0 17.7 14.3 32 32 32h65.9c6.3-47.4 34.9-87.3 75.2-109.4z\"><\/path><\/svg>\t\t\t<\/div>\n\t\t<\/div>\n\t\t\t\t\t\t<\/div>\n\t\t\t\t<\/div>\n\t\t<div class=\"elementor-element elementor-element-0c1699e e-con-full e-flex e-con e-child\" data-id=\"0c1699e\" data-element_type=\"container\">\n\t\t\t\t<div class=\"elementor-element elementor-element-e07cf30 elementor-view-default elementor-widget elementor-widget-icon\" data-id=\"e07cf30\" data-element_type=\"widget\" data-widget_type=\"icon.default\">\n\t\t\t\t\t\t\t<div class=\"elementor-icon-wrapper\">\n\t\t\t<div class=\"elementor-icon\">\n\t\t\t<svg aria-hidden=\"true\" class=\"e-font-icon-svg e-fas-pencil-ruler\" viewBox=\"0 0 512 512\" xmlns=\"http:\/\/www.w3.org\/2000\/svg\"><path d=\"M109.46 244.04l134.58-134.56-44.12-44.12-61.68 61.68a7.919 7.919 0 0 1-11.21 0l-11.21-11.21c-3.1-3.1-3.1-8.12 0-11.21l61.68-61.68-33.64-33.65C131.47-3.1 111.39-3.1 99 9.29L9.29 99c-12.38 12.39-12.39 32.47 0 44.86l100.17 100.18zm388.47-116.8c18.76-18.76 18.75-49.17 0-67.93l-45.25-45.25c-18.76-18.76-49.18-18.76-67.95 0l-46.02 46.01 113.2 113.2 46.02-46.03zM316.08 82.71l-297 296.96L.32 487.11c-2.53 14.49 10.09 27.11 24.59 24.56l107.45-18.84L429.28 195.9 316.08 82.71zm186.63 285.43l-33.64-33.64-61.68 61.68c-3.1 3.1-8.12 3.1-11.21 0l-11.21-11.21c-3.09-3.1-3.09-8.12 0-11.21l61.68-61.68-44.14-44.14L267.93 402.5l100.21 100.2c12.39 12.39 32.47 12.39 44.86 0l89.71-89.7c12.39-12.39 12.39-32.47 0-44.86z\"><\/path><\/svg>\t\t\t<\/div>\n\t\t<\/div>\n\t\t\t\t\t\t<\/div>\n\t\t\t\t<\/div>\n\t\t\t\t\t<\/div>\n\t\t\t\t<\/div>\n\t\t<div class=\"elementor-element elementor-element-92bb7f0 e-flex e-con-boxed e-con e-parent\" data-id=\"92bb7f0\" data-element_type=\"container\">\n\t\t\t\t\t<div class=\"e-con-inner\">\n\t\t<div class=\"elementor-element elementor-element-57b7d4d e-con-full e-flex e-con e-child\" data-id=\"57b7d4d\" data-element_type=\"container\">\n\t\t\t\t<div class=\"elementor-element elementor-element-7dab676 elementor-widget elementor-widget-text-editor\" data-id=\"7dab676\" data-element_type=\"widget\" data-widget_type=\"text-editor.default\">\n\t\t\t\t\t\t\t\t\t<h6>Foco Estrat\u00e9gico em Resultados<\/h6>\t\t\t\t\t\t\t\t<\/div>\n\t\t\t\t<div class=\"elementor-element elementor-element-a709531 elementor-widget elementor-widget-text-editor\" data-id=\"a709531\" data-element_type=\"widget\" data-widget_type=\"text-editor.default\">\n\t\t\t\t\t\t\t\t\t<p><b>N\u00e3o entregamos apenas tecnologia, entregamos crescimento.<\/b> Avaliamos seu neg\u00f3cio profundamente para desenvolver solu\u00e7\u00f5es que n\u00e3o s\u00f3 modernizam, mas que <b>reduzem custos e aumentam a lucratividade<\/b>. Seu sucesso \u00e9 nossa m\u00e9trica principal.<\/p>\t\t\t\t\t\t\t\t<\/div>\n\t\t\t\t<\/div>\n\t\t<div class=\"elementor-element elementor-element-18d25db e-con-full e-flex e-con e-child\" data-id=\"18d25db\" data-element_type=\"container\">\n\t\t\t\t<div class=\"elementor-element elementor-element-2e918c8 elementor-widget elementor-widget-text-editor\" data-id=\"2e918c8\" data-element_type=\"widget\" data-widget_type=\"text-editor.default\">\n\t\t\t\t\t\t\t\t\t<h6>Inova\u00e7\u00e3o Constante e Seguran\u00e7a<\/h6>\t\t\t\t\t\t\t\t<\/div>\n\t\t\t\t<div class=\"elementor-element elementor-element-335b5f2 elementor-widget elementor-widget-text-editor\" data-id=\"335b5f2\" data-element_type=\"widget\" data-widget_type=\"text-editor.default\">\n\t\t\t\t\t\t\t\t\t<p>Estamos sempre \u00e0 frente, dominando as tecnologias mais recentes \u2013 de Cloud a IA. Isso garante que sua empresa utilize sistemas <b>seguros, escal\u00e1veis e prontos para o futuro<\/b>, mantendo voc\u00ea sempre um passo \u00e0 frente da concorr\u00eancia.<\/p>\t\t\t\t\t\t\t\t<\/div>\n\t\t\t\t<\/div>\n\t\t<div class=\"elementor-element elementor-element-7d247e6 e-con-full e-flex e-con e-child\" data-id=\"7d247e6\" data-element_type=\"container\">\n\t\t\t\t<div class=\"elementor-element elementor-element-a502f7b elementor-widget elementor-widget-text-editor\" data-id=\"a502f7b\" data-element_type=\"widget\" data-widget_type=\"text-editor.default\">\n\t\t\t\t\t\t\t\t\t<h6>Parceria Transparente e Humana<\/h6>\t\t\t\t\t\t\t\t<\/div>\n\t\t\t\t<div class=\"elementor-element elementor-element-deed7cc elementor-widget elementor-widget-text-editor\" data-id=\"deed7cc\" data-element_type=\"widget\" data-widget_type=\"text-editor.default\">\n\t\t\t\t\t\t\t\t\t<p>Na Koyutec, voc\u00ea fala com especialistas, n\u00e3o com atendentes autom\u00e1ticos. Nossa abordagem \u00e9 baseada na <b>transpar\u00eancia, comunica\u00e7\u00e3o clara e suporte hiperlocalizado<\/b>. Somos a extens\u00e3o de TI da sua empresa.<\/p>\t\t\t\t\t\t\t\t<\/div>\n\t\t\t\t<\/div>\n\t\t<div class=\"elementor-element elementor-element-5155946 e-con-full e-flex e-con e-child\" data-id=\"5155946\" data-element_type=\"container\">\n\t\t\t\t<div class=\"elementor-element elementor-element-cb49dbf elementor-widget elementor-widget-text-editor\" data-id=\"cb49dbf\" data-element_type=\"widget\" data-widget_type=\"text-editor.default\">\n\t\t\t\t\t\t\t\t\t<h6>Solu\u00e7\u00f5es 100% Sob Medida<\/h6>\t\t\t\t\t\t\t\t<\/div>\n\t\t\t\t<div class=\"elementor-element elementor-element-2327a28 elementor-widget elementor-widget-text-editor\" data-id=\"2327a28\" data-element_type=\"widget\" data-widget_type=\"text-editor.default\">\n\t\t\t\t\t\t\t\t\t<p>Seu desafio \u00e9 \u00fanico e sua solu\u00e7\u00e3o tamb\u00e9m deve ser. Evitamos &#8220;pacotes prontos&#8221;. Desenvolvemos <b>software e infraestrutura totalmente personalizados<\/b> para as suas necessidades espec\u00edficas, garantindo a m\u00e1xima ader\u00eancia e efici\u00eancia operacional.<\/p>\t\t\t\t\t\t\t\t<\/div>\n\t\t\t\t<\/div>\n\t\t\t\t\t<\/div>\n\t\t\t\t<\/div>\n\t\t<div class=\"elementor-element elementor-element-6c2cc84 e-flex e-con-boxed e-con e-parent\" data-id=\"6c2cc84\" data-element_type=\"container\">\n\t\t\t\t\t<div class=\"e-con-inner\">\n\t\t\t\t<div class=\"elementor-element elementor-element-06284cf elementor-widget elementor-widget-spacer\" data-id=\"06284cf\" data-element_type=\"widget\" data-widget_type=\"spacer.default\">\n\t\t\t\t\t\t\t<div class=\"elementor-spacer\">\n\t\t\t<div class=\"elementor-spacer-inner\"><\/div>\n\t\t<\/div>\n\t\t\t\t\t\t<\/div>\n\t\t\t\t\t<\/div>\n\t\t\t\t<\/div>\n\t\t<div class=\"elementor-element elementor-element-7339c8d e-flex e-con-boxed e-con e-parent\" data-id=\"7339c8d\" data-element_type=\"container\" data-settings=\"{&quot;background_background&quot;:&quot;classic&quot;}\">\n\t\t\t\t\t<div class=\"e-con-inner\">\n\t\t<div class=\"elementor-element elementor-element-cb0971f e-con-full e-flex e-con e-child\" data-id=\"cb0971f\" data-element_type=\"container\">\n\t\t\t\t<div class=\"elementor-element elementor-element-fed3cbb elementor-widget elementor-widget-text-editor\" data-id=\"fed3cbb\" data-element_type=\"widget\" data-widget_type=\"text-editor.default\">\n\t\t\t\t\t\t\t\t\t<h5>Mais informa\u00e7\u00f5es, or\u00e7amentos, d\u00favidas?\u00a0<br \/>Clique ao lado e entre em contato<\/h5>\t\t\t\t\t\t\t\t<\/div>\n\t\t\t\t<\/div>\n\t\t<div class=\"elementor-element elementor-element-e916eea e-con-full e-flex e-con e-child\" data-id=\"e916eea\" data-element_type=\"container\">\n\t\t\t\t<div class=\"elementor-element elementor-element-2b5fe87 elementor-align-center elementor-widget elementor-widget-button\" data-id=\"2b5fe87\" data-element_type=\"widget\" data-widget_type=\"button.default\">\n\t\t\t\t\t\t\t\t\t\t<a class=\"elementor-button elementor-button-link elementor-size-sm\" href=\"https:\/\/koyutec.com.br\/?page_id=48\">\n\t\t\t\t\t\t<span class=\"elementor-button-content-wrapper\">\n\t\t\t\t\t\t\t\t\t<span class=\"elementor-button-text\">Fale conosco<\/span>\n\t\t\t\t\t<\/span>\n\t\t\t\t\t<\/a>\n\t\t\t\t\t\t\t\t<\/div>\n\t\t\t\t<\/div>\n\t\t\t\t\t<\/div>\n\t\t\t\t<\/div>\n\t\t<div class=\"elementor-element elementor-element-5a4fade e-flex e-con-boxed e-con e-parent\" data-id=\"5a4fade\" data-element_type=\"container\">\n\t\t\t\t\t<div class=\"e-con-inner\">\n\t\t\t\t<div class=\"elementor-element elementor-element-e1f2d56 elementor-widget elementor-widget-spacer\" data-id=\"e1f2d56\" data-element_type=\"widget\" data-widget_type=\"spacer.default\">\n\t\t\t\t\t\t\t<div class=\"elementor-spacer\">\n\t\t\t<div class=\"elementor-spacer-inner\"><\/div>\n\t\t<\/div>\n\t\t\t\t\t\t<\/div>\n\t\t\t\t\t<\/div>\n\t\t\t\t<\/div>\n\t\t<div class=\"elementor-element elementor-element-35056b9 e-flex e-con-boxed e-con e-parent\" data-id=\"35056b9\" data-element_type=\"container\">\n\t\t\t\t\t<div class=\"e-con-inner\">\n\t\t\t\t<div class=\"elementor-element elementor-element-6a82226 elementor-widget elementor-widget-image\" data-id=\"6a82226\" data-element_type=\"widget\" data-widget_type=\"image.default\">\n\t\t\t\t\t\t\t\t\t\t\t\t\t\t\t<img decoding=\"async\" width=\"768\" height=\"512\" src=\"https:\/\/koyutec.com.br\/wp-content\/uploads\/2025\/10\/agencia-de-marketing-autentica-pequena-e-jovem-768x512.jpg\" class=\"attachment-medium_large size-medium_large wp-image-99\" alt=\"\" srcset=\"https:\/\/koyutec.com.br\/wp-content\/uploads\/2025\/10\/agencia-de-marketing-autentica-pequena-e-jovem-768x512.jpg 768w, https:\/\/koyutec.com.br\/wp-content\/uploads\/2025\/10\/agencia-de-marketing-autentica-pequena-e-jovem-scaled-600x400.jpg 600w, https:\/\/koyutec.com.br\/wp-content\/uploads\/2025\/10\/agencia-de-marketing-autentica-pequena-e-jovem-scaled-1200x800.jpg 1200w, https:\/\/koyutec.com.br\/wp-content\/uploads\/2025\/10\/agencia-de-marketing-autentica-pequena-e-jovem-300x200.jpg 300w, https:\/\/koyutec.com.br\/wp-content\/uploads\/2025\/10\/agencia-de-marketing-autentica-pequena-e-jovem-1024x683.jpg 1024w, https:\/\/koyutec.com.br\/wp-content\/uploads\/2025\/10\/agencia-de-marketing-autentica-pequena-e-jovem-1536x1024.jpg 1536w, https:\/\/koyutec.com.br\/wp-content\/uploads\/2025\/10\/agencia-de-marketing-autentica-pequena-e-jovem-2048x1365.jpg 2048w\" sizes=\"(max-width: 768px) 100vw, 768px\" \/>\t\t\t\t\t\t\t\t\t\t\t\t\t\t\t<\/div>\n\t\t\t\t\t<\/div>\n\t\t\t\t<\/div>\n\t\t<div class=\"elementor-element elementor-element-8d004e4 e-flex e-con-boxed e-con e-parent\" data-id=\"8d004e4\" data-element_type=\"container\">\n\t\t\t\t\t<div class=\"e-con-inner\">\n\t\t\t\t<div class=\"elementor-element elementor-element-76e6da2 elementor-widget elementor-widget-spacer\" data-id=\"76e6da2\" data-element_type=\"widget\" data-widget_type=\"spacer.default\">\n\t\t\t\t\t\t\t<div class=\"elementor-spacer\">\n\t\t\t<div class=\"elementor-spacer-inner\"><\/div>\n\t\t<\/div>\n\t\t\t\t\t\t<\/div>\n\t\t\t\t\t<\/div>\n\t\t\t\t<\/div>\n\t\t<div class=\"elementor-element elementor-element-5ed97f8 e-flex e-con-boxed e-con e-parent\" data-id=\"5ed97f8\" data-element_type=\"container\">\n\t\t\t\t\t<div class=\"e-con-inner\">\n\t\t<div class=\"elementor-element elementor-element-1cd056c e-con-full e-flex e-con e-child\" data-id=\"1cd056c\" data-element_type=\"container\">\n\t\t\t\t<div class=\"elementor-element elementor-element-51efd9e elementor-widget elementor-widget-heading\" data-id=\"51efd9e\" data-element_type=\"widget\" data-widget_type=\"heading.default\">\n\t\t\t\t\t<h2 class=\"elementor-heading-title elementor-size-default\">PARCEIROS<\/h2>\t\t\t\t<\/div>\n\t\t\t\t<\/div>\n\t\t\t\t\t<\/div>\n\t\t\t\t<\/div>\n\t\t<div class=\"elementor-element elementor-element-81e2469 e-flex e-con-boxed e-con e-parent\" data-id=\"81e2469\" data-element_type=\"container\">\n\t\t\t\t\t<div class=\"e-con-inner\">\n\t\t<div class=\"elementor-element elementor-element-6af82c0 e-con-full e-flex e-con e-child\" data-id=\"6af82c0\" data-element_type=\"container\">\n\t\t\t\t<\/div>\n\t\t<div class=\"elementor-element elementor-element-a22dbc9 e-con-full e-flex e-con e-child\" data-id=\"a22dbc9\" data-element_type=\"container\">\n\t\t\t\t<\/div>\n\t\t<div class=\"elementor-element elementor-element-2813bfc e-con-full e-flex e-con e-child\" data-id=\"2813bfc\" data-element_type=\"container\">\n\t\t\t\t<\/div>\n\t\t<div class=\"elementor-element elementor-element-c83e888 e-con-full e-flex e-con e-child\" data-id=\"c83e888\" data-element_type=\"container\">\n\t\t\t\t<\/div>\n\t\t\t\t\t<\/div>\n\t\t\t\t<\/div>\n\t\t<div class=\"elementor-element elementor-element-e5f9c00 e-flex e-con-boxed e-con e-parent\" data-id=\"e5f9c00\" data-element_type=\"container\">\n\t\t\t\t\t<div class=\"e-con-inner\">\n\t\t\t\t\t<\/div>\n\t\t\t\t<\/div>\n\t\t\t\t<\/div>\n\t\t","protected":false},"excerpt":{"rendered":"<p>POR QUE ESCOLHER A KOYUTEC? Foco Estrat\u00e9gico em Resultados N\u00e3o entregamos apenas tecnologia, entregamos crescimento. Avaliamos seu neg\u00f3cio profundamente para desenvolver solu\u00e7\u00f5es que n\u00e3o s\u00f3 modernizam, mas que reduzem custos e aumentam a lucratividade. Seu sucesso \u00e9 nossa m\u00e9trica principal. Inova\u00e7\u00e3o Constante e Seguran\u00e7a Estamos sempre \u00e0 frente, dominando as tecnologias mais recentes \u2013 de [&hellip;]<\/p>\n","protected":false},"author":1,"featured_media":0,"parent":0,"menu_order":0,"comment_status":"closed","ping_status":"closed","template":"","meta":{"footnotes":""},"class_list":["post-2","page","type-page","status-publish","hentry"],"blocksy_meta":[],"_links":{"self":[{"href":"https:\/\/koyutec.com.br\/index.php?rest_route=\/wp\/v2\/pages\/2","targetHints":{"allow":["GET"]}}],"collection":[{"href":"https:\/\/koyutec.com.br\/index.php?rest_route=\/wp\/v2\/pages"}],"about":[{"href":"https:\/\/koyutec.com.br\/index.php?rest_route=\/wp\/v2\/types\/page"}],"author":[{"embeddable":true,"href":"https:\/\/koyutec.com.br\/index.php?rest_route=\/wp\/v2\/users\/1"}],"replies":[{"embeddable":true,"href":"https:\/\/koyutec.com.br\/index.php?rest_route=%2Fwp%2Fv2%2Fcomments&post=2"}],"version-history":[{"count":50,"href":"https:\/\/koyutec.com.br\/index.php?rest_route=\/wp\/v2\/pages\/2\/revisions"}],"predecessor-version":[{"id":412,"href":"https:\/\/koyutec.com.br\/index.php?rest_route=\/wp\/v2\/pages\/2\/revisions\/412"}],"wp:attachment":[{"href":"https:\/\/koyutec.com.br\/index.php?rest_route=%2Fwp%2Fv2%2Fmedia&parent=2"}],"curies":[{"name":"wp","href":"https:\/\/api.w.org\/{rel}","templated":true}]}}